{"id":7,"date":"2023-12-29T22:24:20","date_gmt":"2023-12-30T01:24:20","guid":{"rendered":"https:\/\/patriciabruske.com.br\/blogpatriciabruske\/?page_id=7"},"modified":"2023-12-29T22:45:23","modified_gmt":"2023-12-30T01:45:23","slug":"patricia-bruske","status":"publish","type":"page","link":"https:\/\/patriciabruske.com.br\/blogpatriciabruske\/patricia-bruske\/","title":{"rendered":"Patr\u00edcia Br\u00fcske"},"content":{"rendered":"\n<div class=\"wp-block-columns is-layout-flex wp-container-core-columns-is-layout-1 wp-block-columns-is-layout-flex\">\n<div class=\"wp-block-column is-layout-flow wp-block-column-is-layout-flow\" style=\"flex-basis:66.66%\">\n<p class=\"has-secondary-color-color has-site-bg-color-background-color has-text-color has-background has-link-color has-small-font-size wp-elements-fe2953173b721f36be247c1128b61aed\">Me chamo Patr\u00edcia Br\u00fcske e sou apaixonada pela minha profiss\u00e3o, que \u00e9 ajudar meus alunos a conquistarem uma posi\u00e7\u00e3o de destaque na confeitaria. Sou formada pela &#8220;\u00c9cole Ducasse &#8211; ENSP&#8221;- Fran\u00e7a onde me especializei em P\u00e2tisserie Francesa e p\u00f3s graduada em Confeitaria pela Univali &#8211; SC no Brasil. Tive a oportunidade de trabalhar com Chefs franceses renomados, como S\u00e9bastien Bouillet em Lyon &#8211; FR e tamb\u00e9m participar de cursos particulares com C\u00e9dric Grolet e Jeffrey Cagnes, al\u00e9m de me aperfei\u00e7oar estudando na &#8220;\u00c9cole Len\u00f4tre&#8221; em Paris. Recentemente me tornei Embaixadora da mundialmente reconhecida marca de Escolas Francesas &#8220;Ducasse Education&#8221; e as represento no Brasil e Portugal. Aprendi diversas t\u00e9cnicas, receitas e segredos dessa cozinha que \u00e9 refer\u00eancia no mundo todo e hoje transfiro meu conhecimento atrav\u00e9s de cursos.<\/p>\n<\/div>\n\n\n\n<div class=\"wp-block-column is-layout-flow wp-block-column-is-layout-flow\" style=\"flex-basis:33.33%\">\n<figure class=\"wp-block-image size-large\"><img fetchpriority=\"high\" decoding=\"async\" width=\"683\" height=\"1024\" src=\"https:\/\/patriciabruske.com.br\/blogpatriciabruske\/wp-content\/uploads\/sites\/3\/2023\/12\/dsc_1969-jpg-683x1024.jpg\" alt=\"\" class=\"wp-image-28\" srcset=\"https:\/\/patriciabruske.com.br\/blogpatriciabruske\/wp-content\/uploads\/sites\/3\/2023\/12\/dsc_1969-jpg-683x1024.jpg 683w, https:\/\/patriciabruske.com.br\/blogpatriciabruske\/wp-content\/uploads\/sites\/3\/2023\/12\/dsc_1969-jpg-200x300.jpg 200w, https:\/\/patriciabruske.com.br\/blogpatriciabruske\/wp-content\/uploads\/sites\/3\/2023\/12\/dsc_1969-jpg-768x1152.jpg 768w, https:\/\/patriciabruske.com.br\/blogpatriciabruske\/wp-content\/uploads\/sites\/3\/2023\/12\/dsc_1969-jpg-1024x1536.jpg 1024w, https:\/\/patriciabruske.com.br\/blogpatriciabruske\/wp-content\/uploads\/sites\/3\/2023\/12\/dsc_1969-jpg-1365x2048.jpg 1365w, https:\/\/patriciabruske.com.br\/blogpatriciabruske\/wp-content\/uploads\/sites\/3\/2023\/12\/dsc_1969-jpg-scaled.jpg 1707w\" sizes=\"(max-width: 683px) 100vw, 683px\" \/><\/figure>\n<\/div>\n<\/div>\n","protected":false},"excerpt":{"rendered":"<p> &hellip; <\/p>\n","protected":false},"author":1,"featured_media":0,"parent":0,"menu_order":0,"comment_status":"closed","ping_status":"closed","template":"","meta":{"footnotes":""},"class_list":["post-7","page","type-page","status-publish","hentry"],"yoast_head":"<!-- This site is optimized with the Yoast SEO plugin v23.8 - https:\/\/yoast.com\/wordpress\/plugins\/seo\/ -->\n<title>Patr\u00edcia Br\u00fcske - Blog Patr\u00edcia Br\u00fcske<\/title>\n<meta name=\"robots\" content=\"index, follow, max-snippet:-1, max-image-preview:large, max-video-preview:-1\" \/>\n<link rel=\"canonical\" href=\"https:\/\/patriciabruske.com.br\/blogpatriciabruske\/patricia-bruske\/\" \/>\n<meta property=\"og:locale\" content=\"pt_BR\" \/>\n<meta property=\"og:type\" content=\"article\" \/>\n<meta property=\"og:title\" content=\"Patr\u00edcia Br\u00fcske - Blog Patr\u00edcia Br\u00fcske\" \/>\n<meta property=\"og:description\" content=\"&hellip;\" \/>\n<meta property=\"og:url\" content=\"https:\/\/patriciabruske.com.br\/blogpatriciabruske\/patricia-bruske\/\" \/>\n<meta property=\"og:site_name\" content=\"Blog Patr\u00edcia Br\u00fcske\" \/>\n<meta property=\"article:modified_time\" content=\"2023-12-30T01:45:23+00:00\" \/>\n<meta property=\"og:image\" content=\"https:\/\/patriciabruske.com.br\/blogpatriciabruske\/wp-content\/uploads\/sites\/3\/2023\/12\/dsc_1969-jpg-683x1024.jpg\" \/>\n<meta name=\"twitter:card\" content=\"summary_large_image\" \/>\n<meta name=\"twitter:label1\" content=\"Est. tempo de leitura\" \/>\n\t<meta name=\"twitter:data1\" content=\"1 minuto\" \/>\n<script type=\"application\/ld+json\" class=\"yoast-schema-graph\">{\"@context\":\"https:\/\/schema.org\",\"@graph\":[{\"@type\":\"WebPage\",\"@id\":\"https:\/\/patriciabruske.com.br\/blogpatriciabruske\/patricia-bruske\/\",\"url\":\"https:\/\/patriciabruske.com.br\/blogpatriciabruske\/patricia-bruske\/\",\"name\":\"Patr\u00edcia Br\u00fcske - Blog Patr\u00edcia Br\u00fcske\",\"isPartOf\":{\"@id\":\"https:\/\/patriciabruske.com.br\/blogpatriciabruske\/#website\"},\"primaryImageOfPage\":{\"@id\":\"https:\/\/patriciabruske.com.br\/blogpatriciabruske\/patricia-bruske\/#primaryimage\"},\"image\":{\"@id\":\"https:\/\/patriciabruske.com.br\/blogpatriciabruske\/patricia-bruske\/#primaryimage\"},\"thumbnailUrl\":\"https:\/\/patriciabruske.com.br\/blogpatriciabruske\/wp-content\/uploads\/sites\/3\/2023\/12\/dsc_1969-jpg-683x1024.jpg\",\"datePublished\":\"2023-12-30T01:24:20+00:00\",\"dateModified\":\"2023-12-30T01:45:23+00:00\",\"breadcrumb\":{\"@id\":\"https:\/\/patriciabruske.com.br\/blogpatriciabruske\/patricia-bruske\/#breadcrumb\"},\"inLanguage\":\"pt-BR\",\"potentialAction\":[{\"@type\":\"ReadAction\",\"target\":[\"https:\/\/patriciabruske.com.br\/blogpatriciabruske\/patricia-bruske\/\"]}]},{\"@type\":\"ImageObject\",\"inLanguage\":\"pt-BR\",\"@id\":\"https:\/\/patriciabruske.com.br\/blogpatriciabruske\/patricia-bruske\/#primaryimage\",\"url\":\"https:\/\/patriciabruske.com.br\/blogpatriciabruske\/wp-content\/uploads\/sites\/3\/2023\/12\/dsc_1969-jpg-scaled.jpg\",\"contentUrl\":\"https:\/\/patriciabruske.com.br\/blogpatriciabruske\/wp-content\/uploads\/sites\/3\/2023\/12\/dsc_1969-jpg-scaled.jpg\",\"width\":1707,\"height\":2560},{\"@type\":\"BreadcrumbList\",\"@id\":\"https:\/\/patriciabruske.com.br\/blogpatriciabruske\/patricia-bruske\/#breadcrumb\",\"itemListElement\":[{\"@type\":\"ListItem\",\"position\":1,\"name\":\"In\u00edcio\",\"item\":\"https:\/\/patriciabruske.com.br\/blogpatriciabruske\/\"},{\"@type\":\"ListItem\",\"position\":2,\"name\":\"Patr\u00edcia Br\u00fcske\"}]},{\"@type\":\"WebSite\",\"@id\":\"https:\/\/patriciabruske.com.br\/blogpatriciabruske\/#website\",\"url\":\"https:\/\/patriciabruske.com.br\/blogpatriciabruske\/\",\"name\":\"Blog Patr\u00edcia Br\u00fcske\",\"description\":\"Patr\u00edcia Br\u00fcske: Especialista em P\u00e2tisserie Francesa e Confeitaria de Destaque  Bem-vindo ao meu mundo de paix\u00e3o pela confeitaria! Meu nome \u00e9 Patr\u00edcia Br\u00fcske, e minha miss\u00e3o \u00e9 guiar meus alunos para alcan\u00e7arem o topo na arte da confeitaria. Sou graduada pela renomada &quot;\u00c9cole Ducasse - ENSP&quot; na Fran\u00e7a, especializando-me em P\u00e2tisserie Francesa, e conquistei minha p\u00f3s-gradua\u00e7\u00e3o em Confeitaria pela Univali - SC, no Brasil.  Com uma bagagem rica, tive o privil\u00e9gio de colaborar com Chefs franceses de renome, incluindo S\u00e9bastien Bouillet em Lyon, Fran\u00e7a. Al\u00e9m disso, aprimorei minhas habilidades em cursos particulares com nomes ilustres como C\u00e9dric Grolet e Jeffrey Cagnes. Minha jornada de aprendizado incluiu tamb\u00e9m a prestigiada &quot;\u00c9cole Len\u00f4tre&quot; em Paris.  Recentemente, fui nomeada Embaixadora da renomada marca de Escolas Francesas &quot;Ducasse Education,&quot; representando-a com orgulho no Brasil e em Portugal.  Descubra o mundo de t\u00e9cnicas refinadas, receitas irresist\u00edveis e segredos que aprendi ao longo da minha jornada pela culin\u00e1ria francesa. Hoje, compartilho meu conhecimento atrav\u00e9s de cursos, guiando voc\u00ea passo a passo para se destacar na confeitaria.  Explore meus cursos e transforme sua paix\u00e3o pela confeitaria em uma carreira de destaque! \ud83c\udf70\u2728\",\"publisher\":{\"@id\":\"https:\/\/patriciabruske.com.br\/blogpatriciabruske\/#organization\"},\"potentialAction\":[{\"@type\":\"SearchAction\",\"target\":{\"@type\":\"EntryPoint\",\"urlTemplate\":\"https:\/\/patriciabruske.com.br\/blogpatriciabruske\/?s={search_term_string}\"},\"query-input\":{\"@type\":\"PropertyValueSpecification\",\"valueRequired\":true,\"valueName\":\"search_term_string\"}}],\"inLanguage\":\"pt-BR\"},{\"@type\":\"Organization\",\"@id\":\"https:\/\/patriciabruske.com.br\/blogpatriciabruske\/#organization\",\"name\":\"Blog Patr\u00edcia Br\u00fcske\",\"url\":\"https:\/\/patriciabruske.com.br\/blogpatriciabruske\/\",\"logo\":{\"@type\":\"ImageObject\",\"inLanguage\":\"pt-BR\",\"@id\":\"https:\/\/patriciabruske.com.br\/blogpatriciabruske\/#\/schema\/logo\/image\/\",\"url\":\"https:\/\/patriciabruske.com.br\/blogpatriciabruske\/wp-content\/uploads\/sites\/3\/2023\/12\/cropped-oficial-01.png\",\"contentUrl\":\"https:\/\/patriciabruske.com.br\/blogpatriciabruske\/wp-content\/uploads\/sites\/3\/2023\/12\/cropped-oficial-01.png\",\"width\":1903,\"height\":749,\"caption\":\"Blog Patr\u00edcia Br\u00fcske\"},\"image\":{\"@id\":\"https:\/\/patriciabruske.com.br\/blogpatriciabruske\/#\/schema\/logo\/image\/\"}}]}<\/script>\n<!-- \/ Yoast SEO plugin. -->","yoast_head_json":{"title":"Patr\u00edcia Br\u00fcske - Blog Patr\u00edcia Br\u00fcske","robots":{"index":"index","follow":"follow","max-snippet":"max-snippet:-1","max-image-preview":"max-image-preview:large","max-video-preview":"max-video-preview:-1"},"canonical":"https:\/\/patriciabruske.com.br\/blogpatriciabruske\/patricia-bruske\/","og_locale":"pt_BR","og_type":"article","og_title":"Patr\u00edcia Br\u00fcske - Blog Patr\u00edcia Br\u00fcske","og_description":"&hellip;","og_url":"https:\/\/patriciabruske.com.br\/blogpatriciabruske\/patricia-bruske\/","og_site_name":"Blog Patr\u00edcia Br\u00fcske","article_modified_time":"2023-12-30T01:45:23+00:00","og_image":[{"url":"https:\/\/patriciabruske.com.br\/blogpatriciabruske\/wp-content\/uploads\/sites\/3\/2023\/12\/dsc_1969-jpg-683x1024.jpg"}],"twitter_card":"summary_large_image","twitter_misc":{"Est. tempo de leitura":"1 minuto"},"schema":{"@context":"https:\/\/schema.org","@graph":[{"@type":"WebPage","@id":"https:\/\/patriciabruske.com.br\/blogpatriciabruske\/patricia-bruske\/","url":"https:\/\/patriciabruske.com.br\/blogpatriciabruske\/patricia-bruske\/","name":"Patr\u00edcia Br\u00fcske - Blog Patr\u00edcia Br\u00fcske","isPartOf":{"@id":"https:\/\/patriciabruske.com.br\/blogpatriciabruske\/#website"},"primaryImageOfPage":{"@id":"https:\/\/patriciabruske.com.br\/blogpatriciabruske\/patricia-bruske\/#primaryimage"},"image":{"@id":"https:\/\/patriciabruske.com.br\/blogpatriciabruske\/patricia-bruske\/#primaryimage"},"thumbnailUrl":"https:\/\/patriciabruske.com.br\/blogpatriciabruske\/wp-content\/uploads\/sites\/3\/2023\/12\/dsc_1969-jpg-683x1024.jpg","datePublished":"2023-12-30T01:24:20+00:00","dateModified":"2023-12-30T01:45:23+00:00","breadcrumb":{"@id":"https:\/\/patriciabruske.com.br\/blogpatriciabruske\/patricia-bruske\/#breadcrumb"},"inLanguage":"pt-BR","potentialAction":[{"@type":"ReadAction","target":["https:\/\/patriciabruske.com.br\/blogpatriciabruske\/patricia-bruske\/"]}]},{"@type":"ImageObject","inLanguage":"pt-BR","@id":"https:\/\/patriciabruske.com.br\/blogpatriciabruske\/patricia-bruske\/#primaryimage","url":"https:\/\/patriciabruske.com.br\/blogpatriciabruske\/wp-content\/uploads\/sites\/3\/2023\/12\/dsc_1969-jpg-scaled.jpg","contentUrl":"https:\/\/patriciabruske.com.br\/blogpatriciabruske\/wp-content\/uploads\/sites\/3\/2023\/12\/dsc_1969-jpg-scaled.jpg","width":1707,"height":2560},{"@type":"BreadcrumbList","@id":"https:\/\/patriciabruske.com.br\/blogpatriciabruske\/patricia-bruske\/#breadcrumb","itemListElement":[{"@type":"ListItem","position":1,"name":"In\u00edcio","item":"https:\/\/patriciabruske.com.br\/blogpatriciabruske\/"},{"@type":"ListItem","position":2,"name":"Patr\u00edcia Br\u00fcske"}]},{"@type":"WebSite","@id":"https:\/\/patriciabruske.com.br\/blogpatriciabruske\/#website","url":"https:\/\/patriciabruske.com.br\/blogpatriciabruske\/","name":"Blog Patr\u00edcia Br\u00fcske","description":"Patr\u00edcia Br\u00fcske: Especialista em P\u00e2tisserie Francesa e Confeitaria de Destaque  Bem-vindo ao meu mundo de paix\u00e3o pela confeitaria! Meu nome \u00e9 Patr\u00edcia Br\u00fcske, e minha miss\u00e3o \u00e9 guiar meus alunos para alcan\u00e7arem o topo na arte da confeitaria. Sou graduada pela renomada &quot;\u00c9cole Ducasse - ENSP&quot; na Fran\u00e7a, especializando-me em P\u00e2tisserie Francesa, e conquistei minha p\u00f3s-gradua\u00e7\u00e3o em Confeitaria pela Univali - SC, no Brasil.  Com uma bagagem rica, tive o privil\u00e9gio de colaborar com Chefs franceses de renome, incluindo S\u00e9bastien Bouillet em Lyon, Fran\u00e7a. Al\u00e9m disso, aprimorei minhas habilidades em cursos particulares com nomes ilustres como C\u00e9dric Grolet e Jeffrey Cagnes. Minha jornada de aprendizado incluiu tamb\u00e9m a prestigiada &quot;\u00c9cole Len\u00f4tre&quot; em Paris.  Recentemente, fui nomeada Embaixadora da renomada marca de Escolas Francesas &quot;Ducasse Education,&quot; representando-a com orgulho no Brasil e em Portugal.  Descubra o mundo de t\u00e9cnicas refinadas, receitas irresist\u00edveis e segredos que aprendi ao longo da minha jornada pela culin\u00e1ria francesa. Hoje, compartilho meu conhecimento atrav\u00e9s de cursos, guiando voc\u00ea passo a passo para se destacar na confeitaria.  Explore meus cursos e transforme sua paix\u00e3o pela confeitaria em uma carreira de destaque! \ud83c\udf70\u2728","publisher":{"@id":"https:\/\/patriciabruske.com.br\/blogpatriciabruske\/#organization"},"potentialAction":[{"@type":"SearchAction","target":{"@type":"EntryPoint","urlTemplate":"https:\/\/patriciabruske.com.br\/blogpatriciabruske\/?s={search_term_string}"},"query-input":{"@type":"PropertyValueSpecification","valueRequired":true,"valueName":"search_term_string"}}],"inLanguage":"pt-BR"},{"@type":"Organization","@id":"https:\/\/patriciabruske.com.br\/blogpatriciabruske\/#organization","name":"Blog Patr\u00edcia Br\u00fcske","url":"https:\/\/patriciabruske.com.br\/blogpatriciabruske\/","logo":{"@type":"ImageObject","inLanguage":"pt-BR","@id":"https:\/\/patriciabruske.com.br\/blogpatriciabruske\/#\/schema\/logo\/image\/","url":"https:\/\/patriciabruske.com.br\/blogpatriciabruske\/wp-content\/uploads\/sites\/3\/2023\/12\/cropped-oficial-01.png","contentUrl":"https:\/\/patriciabruske.com.br\/blogpatriciabruske\/wp-content\/uploads\/sites\/3\/2023\/12\/cropped-oficial-01.png","width":1903,"height":749,"caption":"Blog Patr\u00edcia Br\u00fcske"},"image":{"@id":"https:\/\/patriciabruske.com.br\/blogpatriciabruske\/#\/schema\/logo\/image\/"}}]}},"_links":{"self":[{"href":"https:\/\/patriciabruske.com.br\/blogpatriciabruske\/wp-json\/wp\/v2\/pages\/7"}],"collection":[{"href":"https:\/\/patriciabruske.com.br\/blogpatriciabruske\/wp-json\/wp\/v2\/pages"}],"about":[{"href":"https:\/\/patriciabruske.com.br\/blogpatriciabruske\/wp-json\/wp\/v2\/types\/page"}],"author":[{"embeddable":true,"href":"https:\/\/patriciabruske.com.br\/blogpatriciabruske\/wp-json\/wp\/v2\/users\/1"}],"replies":[{"embeddable":true,"href":"https:\/\/patriciabruske.com.br\/blogpatriciabruske\/wp-json\/wp\/v2\/comments?post=7"}],"version-history":[{"count":3,"href":"https:\/\/patriciabruske.com.br\/blogpatriciabruske\/wp-json\/wp\/v2\/pages\/7\/revisions"}],"predecessor-version":[{"id":31,"href":"https:\/\/patriciabruske.com.br\/blogpatriciabruske\/wp-json\/wp\/v2\/pages\/7\/revisions\/31"}],"wp:attachment":[{"href":"https:\/\/patriciabruske.com.br\/blogpatriciabruske\/wp-json\/wp\/v2\/media?parent=7"}],"curies":[{"name":"wp","href":"https:\/\/api.w.org\/{rel}","templated":true}]}}