{"id":5,"date":"2023-12-29T22:24:01","date_gmt":"2023-12-30T01:24:01","guid":{"rendered":"https:\/\/patriciabruske.com.br\/blogpatriciabruske\/?page_id=5"},"modified":"2023-12-29T22:55:37","modified_gmt":"2023-12-30T01:55:37","slug":"curso-dominando-a-confeitaria-francesa","status":"publish","type":"page","link":"https:\/\/patriciabruske.com.br\/blogpatriciabruske\/curso-dominando-a-confeitaria-francesa\/","title":{"rendered":"Curso Dominando a Confeitaria Francesa"},"content":{"rendered":"\n<h2 class=\"wp-block-heading\">Curso Dominando a Confeitaria Francesa<\/h2>\n\n\n\n<p>Se voc\u00ea quer aperfei\u00e7oar seus conhecimentos na confeitaria controlando tudo o que acontece em sua cozinha,&nbsp;ter mais SEGURAN\u00c7A e LIBERDADE para criar doces diferentes sem ser ref\u00e9m do leite condensado,&nbsp;conhe\u00e7a o meu curso Dominando a Confeitaria Francesa.<\/p>\n\n\n\n<ul class=\"wp-block-list\">\n<li class=\"has-small-font-size\">Criar um&nbsp;doce autoral&nbsp;usando as bases do curso;<\/li>\n\n\n\n<li class=\"has-small-font-size\">Dominar&nbsp;as principais&nbsp;t\u00e9cnicas&nbsp;da confeitaria, desde tortas, bolos at\u00e9&nbsp;macarons;<\/li>\n\n\n\n<li class=\"has-small-font-size\">Usar todos os&nbsp;recheios&nbsp;da confeitaria francesa (zero leite condensado) para rechear seus doces e bolos com seguran\u00e7a. Voc\u00ea aprender\u00e1 recheios nos sabores de: coco, chocolate branco, framboesa, tangerina, chocolate, baunilha, maracuj\u00e1, nozes, lim\u00e3o, caramelo, pistache com laranja e muito mais;<\/li>\n\n\n\n<li class=\"has-small-font-size\">Entender&nbsp;como os ingredientes se comportam&nbsp;na receita e fazer&nbsp;substitui\u00e7\u00f5es;<\/li>\n\n\n\n<li class=\"has-small-font-size\">Corrigir poss\u00edveis erros com&nbsp;autonomia.<\/li>\n<\/ul>\n\n\n\n<p>QUAIS S\u00c3O AS VANTAGENS DE N\u00c3O USAR LEITE CONDENSADO?<\/p>\n\n\n\n<ul class=\"wp-block-list\">\n<li class=\"has-small-font-size\">DIFERENCIA\u00c7\u00c3O:&nbsp;Sabores diferentes da maioria dos doces encontrados no mercado;<\/li>\n\n\n\n<li class=\"has-small-font-size\">NUTRI\u00c7\u00c3O:&nbsp;Menos a\u00e7\u00facar branco e&nbsp;ingredientes ultraprocessados nas receitas;<\/li>\n\n\n\n<li class=\"has-small-font-size\">SABOR:&nbsp;Exaltar o sabor de outras op\u00e7\u00f5es de mat\u00e9rias primas e frutas;<\/li>\n\n\n\n<li class=\"has-small-font-size\">DIVERSIFICA\u00c7\u00c3O:&nbsp;Diversas op\u00e7\u00f5es de texturas, apresenta\u00e7\u00f5es e combina\u00e7\u00f5es;<\/li>\n\n\n\n<li class=\"has-small-font-size\">FORTALECIMENTO LOCAL:&nbsp;Uso de produtos locais e minimamente processados;<\/li>\n\n\n\n<li class=\"has-small-font-size\">ECONOMIA:&nbsp;N\u00e3o estar sujeito aos aumentos de pre\u00e7o constantes de uma \u00fanica mat\u00e9ria prima;<\/li>\n<\/ul>\n\n\n\n<figure class=\"wp-block-image size-large\"><img fetchpriority=\"high\" decoding=\"async\" width=\"1024\" height=\"683\" src=\"https:\/\/patriciabruske.com.br\/blogpatriciabruske\/wp-content\/uploads\/sites\/3\/2023\/12\/Curso-Culinaria-Francesa-41-Redi-1024x683.jpg\" alt=\"\" class=\"wp-image-33\" srcset=\"https:\/\/patriciabruske.com.br\/blogpatriciabruske\/wp-content\/uploads\/sites\/3\/2023\/12\/Curso-Culinaria-Francesa-41-Redi-1024x683.jpg 1024w, https:\/\/patriciabruske.com.br\/blogpatriciabruske\/wp-content\/uploads\/sites\/3\/2023\/12\/Curso-Culinaria-Francesa-41-Redi-300x200.jpg 300w, https:\/\/patriciabruske.com.br\/blogpatriciabruske\/wp-content\/uploads\/sites\/3\/2023\/12\/Curso-Culinaria-Francesa-41-Redi-768x512.jpg 768w, https:\/\/patriciabruske.com.br\/blogpatriciabruske\/wp-content\/uploads\/sites\/3\/2023\/12\/Curso-Culinaria-Francesa-41-Redi-1536x1024.jpg 1536w, https:\/\/patriciabruske.com.br\/blogpatriciabruske\/wp-content\/uploads\/sites\/3\/2023\/12\/Curso-Culinaria-Francesa-41-Redi.jpg 1773w\" sizes=\"(max-width: 1024px) 100vw, 1024px\" \/><\/figure>\n\n\n\n<div class=\"wp-block-buttons is-layout-flex wp-block-buttons-is-layout-flex\">\n<div class=\"wp-block-button has-custom-width wp-block-button__width-50 has-custom-font-size has-medium-font-size\"><a class=\"wp-block-button__link has-primary-color-background-color has-text-color has-background has-link-color wp-element-button\" href=\"https:\/\/dominandoaconfeitariafrancesa.com\/dcflistadeespera\" style=\"border-radius:25px;color:#ffffff\" target=\"_blank\" rel=\"noreferrer noopener\">Conhecer o curso<\/a><\/div>\n<\/div>\n","protected":false},"excerpt":{"rendered":"<p> &hellip; <\/p>\n","protected":false},"author":1,"featured_media":0,"parent":0,"menu_order":0,"comment_status":"closed","ping_status":"closed","template":"","meta":{"footnotes":""},"class_list":["post-5","page","type-page","status-publish","hentry"],"yoast_head":"<!-- This site is optimized with the Yoast SEO plugin v23.8 - https:\/\/yoast.com\/wordpress\/plugins\/seo\/ -->\n<title>Curso Dominando a Confeitaria Francesa - Blog Patr\u00edcia Br\u00fcske<\/title>\n<meta name=\"robots\" content=\"index, follow, max-snippet:-1, max-image-preview:large, max-video-preview:-1\" \/>\n<link rel=\"canonical\" href=\"https:\/\/patriciabruske.com.br\/blogpatriciabruske\/curso-dominando-a-confeitaria-francesa\/\" \/>\n<meta property=\"og:locale\" content=\"pt_BR\" \/>\n<meta property=\"og:type\" content=\"article\" \/>\n<meta property=\"og:title\" content=\"Curso Dominando a Confeitaria Francesa - Blog Patr\u00edcia Br\u00fcske\" \/>\n<meta property=\"og:description\" content=\"&hellip;\" \/>\n<meta property=\"og:url\" content=\"https:\/\/patriciabruske.com.br\/blogpatriciabruske\/curso-dominando-a-confeitaria-francesa\/\" \/>\n<meta property=\"og:site_name\" content=\"Blog Patr\u00edcia Br\u00fcske\" \/>\n<meta property=\"article:modified_time\" content=\"2023-12-30T01:55:37+00:00\" \/>\n<meta property=\"og:image\" content=\"https:\/\/patriciabruske.com.br\/blogpatriciabruske\/wp-content\/uploads\/sites\/3\/2023\/12\/Curso-Culinaria-Francesa-41-Redi-1024x683.jpg\" \/>\n<meta name=\"twitter:card\" content=\"summary_large_image\" \/>\n<meta name=\"twitter:label1\" content=\"Est. tempo de leitura\" \/>\n\t<meta name=\"twitter:data1\" content=\"1 minuto\" \/>\n<script type=\"application\/ld+json\" class=\"yoast-schema-graph\">{\"@context\":\"https:\/\/schema.org\",\"@graph\":[{\"@type\":\"WebPage\",\"@id\":\"https:\/\/patriciabruske.com.br\/blogpatriciabruske\/curso-dominando-a-confeitaria-francesa\/\",\"url\":\"https:\/\/patriciabruske.com.br\/blogpatriciabruske\/curso-dominando-a-confeitaria-francesa\/\",\"name\":\"Curso Dominando a Confeitaria Francesa - Blog Patr\u00edcia Br\u00fcske\",\"isPartOf\":{\"@id\":\"https:\/\/patriciabruske.com.br\/blogpatriciabruske\/#website\"},\"primaryImageOfPage\":{\"@id\":\"https:\/\/patriciabruske.com.br\/blogpatriciabruske\/curso-dominando-a-confeitaria-francesa\/#primaryimage\"},\"image\":{\"@id\":\"https:\/\/patriciabruske.com.br\/blogpatriciabruske\/curso-dominando-a-confeitaria-francesa\/#primaryimage\"},\"thumbnailUrl\":\"https:\/\/patriciabruske.com.br\/blogpatriciabruske\/wp-content\/uploads\/sites\/3\/2023\/12\/Curso-Culinaria-Francesa-41-Redi-1024x683.jpg\",\"datePublished\":\"2023-12-30T01:24:01+00:00\",\"dateModified\":\"2023-12-30T01:55:37+00:00\",\"breadcrumb\":{\"@id\":\"https:\/\/patriciabruske.com.br\/blogpatriciabruske\/curso-dominando-a-confeitaria-francesa\/#breadcrumb\"},\"inLanguage\":\"pt-BR\",\"potentialAction\":[{\"@type\":\"ReadAction\",\"target\":[\"https:\/\/patriciabruske.com.br\/blogpatriciabruske\/curso-dominando-a-confeitaria-francesa\/\"]}]},{\"@type\":\"ImageObject\",\"inLanguage\":\"pt-BR\",\"@id\":\"https:\/\/patriciabruske.com.br\/blogpatriciabruske\/curso-dominando-a-confeitaria-francesa\/#primaryimage\",\"url\":\"https:\/\/patriciabruske.com.br\/blogpatriciabruske\/wp-content\/uploads\/sites\/3\/2023\/12\/Curso-Culinaria-Francesa-41-Redi.jpg\",\"contentUrl\":\"https:\/\/patriciabruske.com.br\/blogpatriciabruske\/wp-content\/uploads\/sites\/3\/2023\/12\/Curso-Culinaria-Francesa-41-Redi.jpg\",\"width\":1773,\"height\":1182},{\"@type\":\"BreadcrumbList\",\"@id\":\"https:\/\/patriciabruske.com.br\/blogpatriciabruske\/curso-dominando-a-confeitaria-francesa\/#breadcrumb\",\"itemListElement\":[{\"@type\":\"ListItem\",\"position\":1,\"name\":\"In\u00edcio\",\"item\":\"https:\/\/patriciabruske.com.br\/blogpatriciabruske\/\"},{\"@type\":\"ListItem\",\"position\":2,\"name\":\"Curso Dominando a Confeitaria Francesa\"}]},{\"@type\":\"WebSite\",\"@id\":\"https:\/\/patriciabruske.com.br\/blogpatriciabruske\/#website\",\"url\":\"https:\/\/patriciabruske.com.br\/blogpatriciabruske\/\",\"name\":\"Blog Patr\u00edcia Br\u00fcske\",\"description\":\"Patr\u00edcia Br\u00fcske: Especialista em P\u00e2tisserie Francesa e Confeitaria de Destaque  Bem-vindo ao meu mundo de paix\u00e3o pela confeitaria! Meu nome \u00e9 Patr\u00edcia Br\u00fcske, e minha miss\u00e3o \u00e9 guiar meus alunos para alcan\u00e7arem o topo na arte da confeitaria. Sou graduada pela renomada &quot;\u00c9cole Ducasse - ENSP&quot; na Fran\u00e7a, especializando-me em P\u00e2tisserie Francesa, e conquistei minha p\u00f3s-gradua\u00e7\u00e3o em Confeitaria pela Univali - SC, no Brasil.  Com uma bagagem rica, tive o privil\u00e9gio de colaborar com Chefs franceses de renome, incluindo S\u00e9bastien Bouillet em Lyon, Fran\u00e7a. Al\u00e9m disso, aprimorei minhas habilidades em cursos particulares com nomes ilustres como C\u00e9dric Grolet e Jeffrey Cagnes. Minha jornada de aprendizado incluiu tamb\u00e9m a prestigiada &quot;\u00c9cole Len\u00f4tre&quot; em Paris.  Recentemente, fui nomeada Embaixadora da renomada marca de Escolas Francesas &quot;Ducasse Education,&quot; representando-a com orgulho no Brasil e em Portugal.  Descubra o mundo de t\u00e9cnicas refinadas, receitas irresist\u00edveis e segredos que aprendi ao longo da minha jornada pela culin\u00e1ria francesa. Hoje, compartilho meu conhecimento atrav\u00e9s de cursos, guiando voc\u00ea passo a passo para se destacar na confeitaria.  Explore meus cursos e transforme sua paix\u00e3o pela confeitaria em uma carreira de destaque! \ud83c\udf70\u2728\",\"publisher\":{\"@id\":\"https:\/\/patriciabruske.com.br\/blogpatriciabruske\/#organization\"},\"potentialAction\":[{\"@type\":\"SearchAction\",\"target\":{\"@type\":\"EntryPoint\",\"urlTemplate\":\"https:\/\/patriciabruske.com.br\/blogpatriciabruske\/?s={search_term_string}\"},\"query-input\":{\"@type\":\"PropertyValueSpecification\",\"valueRequired\":true,\"valueName\":\"search_term_string\"}}],\"inLanguage\":\"pt-BR\"},{\"@type\":\"Organization\",\"@id\":\"https:\/\/patriciabruske.com.br\/blogpatriciabruske\/#organization\",\"name\":\"Blog Patr\u00edcia Br\u00fcske\",\"url\":\"https:\/\/patriciabruske.com.br\/blogpatriciabruske\/\",\"logo\":{\"@type\":\"ImageObject\",\"inLanguage\":\"pt-BR\",\"@id\":\"https:\/\/patriciabruske.com.br\/blogpatriciabruske\/#\/schema\/logo\/image\/\",\"url\":\"https:\/\/patriciabruske.com.br\/blogpatriciabruske\/wp-content\/uploads\/sites\/3\/2023\/12\/cropped-oficial-01.png\",\"contentUrl\":\"https:\/\/patriciabruske.com.br\/blogpatriciabruske\/wp-content\/uploads\/sites\/3\/2023\/12\/cropped-oficial-01.png\",\"width\":1903,\"height\":749,\"caption\":\"Blog Patr\u00edcia Br\u00fcske\"},\"image\":{\"@id\":\"https:\/\/patriciabruske.com.br\/blogpatriciabruske\/#\/schema\/logo\/image\/\"}}]}<\/script>\n<!-- \/ Yoast SEO plugin. -->","yoast_head_json":{"title":"Curso Dominando a Confeitaria Francesa - Blog Patr\u00edcia Br\u00fcske","robots":{"index":"index","follow":"follow","max-snippet":"max-snippet:-1","max-image-preview":"max-image-preview:large","max-video-preview":"max-video-preview:-1"},"canonical":"https:\/\/patriciabruske.com.br\/blogpatriciabruske\/curso-dominando-a-confeitaria-francesa\/","og_locale":"pt_BR","og_type":"article","og_title":"Curso Dominando a Confeitaria Francesa - Blog Patr\u00edcia Br\u00fcske","og_description":"&hellip;","og_url":"https:\/\/patriciabruske.com.br\/blogpatriciabruske\/curso-dominando-a-confeitaria-francesa\/","og_site_name":"Blog Patr\u00edcia Br\u00fcske","article_modified_time":"2023-12-30T01:55:37+00:00","og_image":[{"url":"https:\/\/patriciabruske.com.br\/blogpatriciabruske\/wp-content\/uploads\/sites\/3\/2023\/12\/Curso-Culinaria-Francesa-41-Redi-1024x683.jpg"}],"twitter_card":"summary_large_image","twitter_misc":{"Est. tempo de leitura":"1 minuto"},"schema":{"@context":"https:\/\/schema.org","@graph":[{"@type":"WebPage","@id":"https:\/\/patriciabruske.com.br\/blogpatriciabruske\/curso-dominando-a-confeitaria-francesa\/","url":"https:\/\/patriciabruske.com.br\/blogpatriciabruske\/curso-dominando-a-confeitaria-francesa\/","name":"Curso Dominando a Confeitaria Francesa - Blog Patr\u00edcia Br\u00fcske","isPartOf":{"@id":"https:\/\/patriciabruske.com.br\/blogpatriciabruske\/#website"},"primaryImageOfPage":{"@id":"https:\/\/patriciabruske.com.br\/blogpatriciabruske\/curso-dominando-a-confeitaria-francesa\/#primaryimage"},"image":{"@id":"https:\/\/patriciabruske.com.br\/blogpatriciabruske\/curso-dominando-a-confeitaria-francesa\/#primaryimage"},"thumbnailUrl":"https:\/\/patriciabruske.com.br\/blogpatriciabruske\/wp-content\/uploads\/sites\/3\/2023\/12\/Curso-Culinaria-Francesa-41-Redi-1024x683.jpg","datePublished":"2023-12-30T01:24:01+00:00","dateModified":"2023-12-30T01:55:37+00:00","breadcrumb":{"@id":"https:\/\/patriciabruske.com.br\/blogpatriciabruske\/curso-dominando-a-confeitaria-francesa\/#breadcrumb"},"inLanguage":"pt-BR","potentialAction":[{"@type":"ReadAction","target":["https:\/\/patriciabruske.com.br\/blogpatriciabruske\/curso-dominando-a-confeitaria-francesa\/"]}]},{"@type":"ImageObject","inLanguage":"pt-BR","@id":"https:\/\/patriciabruske.com.br\/blogpatriciabruske\/curso-dominando-a-confeitaria-francesa\/#primaryimage","url":"https:\/\/patriciabruske.com.br\/blogpatriciabruske\/wp-content\/uploads\/sites\/3\/2023\/12\/Curso-Culinaria-Francesa-41-Redi.jpg","contentUrl":"https:\/\/patriciabruske.com.br\/blogpatriciabruske\/wp-content\/uploads\/sites\/3\/2023\/12\/Curso-Culinaria-Francesa-41-Redi.jpg","width":1773,"height":1182},{"@type":"BreadcrumbList","@id":"https:\/\/patriciabruske.com.br\/blogpatriciabruske\/curso-dominando-a-confeitaria-francesa\/#breadcrumb","itemListElement":[{"@type":"ListItem","position":1,"name":"In\u00edcio","item":"https:\/\/patriciabruske.com.br\/blogpatriciabruske\/"},{"@type":"ListItem","position":2,"name":"Curso Dominando a Confeitaria Francesa"}]},{"@type":"WebSite","@id":"https:\/\/patriciabruske.com.br\/blogpatriciabruske\/#website","url":"https:\/\/patriciabruske.com.br\/blogpatriciabruske\/","name":"Blog Patr\u00edcia Br\u00fcske","description":"Patr\u00edcia Br\u00fcske: Especialista em P\u00e2tisserie Francesa e Confeitaria de Destaque  Bem-vindo ao meu mundo de paix\u00e3o pela confeitaria! Meu nome \u00e9 Patr\u00edcia Br\u00fcske, e minha miss\u00e3o \u00e9 guiar meus alunos para alcan\u00e7arem o topo na arte da confeitaria. Sou graduada pela renomada &quot;\u00c9cole Ducasse - ENSP&quot; na Fran\u00e7a, especializando-me em P\u00e2tisserie Francesa, e conquistei minha p\u00f3s-gradua\u00e7\u00e3o em Confeitaria pela Univali - SC, no Brasil.  Com uma bagagem rica, tive o privil\u00e9gio de colaborar com Chefs franceses de renome, incluindo S\u00e9bastien Bouillet em Lyon, Fran\u00e7a. Al\u00e9m disso, aprimorei minhas habilidades em cursos particulares com nomes ilustres como C\u00e9dric Grolet e Jeffrey Cagnes. Minha jornada de aprendizado incluiu tamb\u00e9m a prestigiada &quot;\u00c9cole Len\u00f4tre&quot; em Paris.  Recentemente, fui nomeada Embaixadora da renomada marca de Escolas Francesas &quot;Ducasse Education,&quot; representando-a com orgulho no Brasil e em Portugal.  Descubra o mundo de t\u00e9cnicas refinadas, receitas irresist\u00edveis e segredos que aprendi ao longo da minha jornada pela culin\u00e1ria francesa. Hoje, compartilho meu conhecimento atrav\u00e9s de cursos, guiando voc\u00ea passo a passo para se destacar na confeitaria.  Explore meus cursos e transforme sua paix\u00e3o pela confeitaria em uma carreira de destaque! \ud83c\udf70\u2728","publisher":{"@id":"https:\/\/patriciabruske.com.br\/blogpatriciabruske\/#organization"},"potentialAction":[{"@type":"SearchAction","target":{"@type":"EntryPoint","urlTemplate":"https:\/\/patriciabruske.com.br\/blogpatriciabruske\/?s={search_term_string}"},"query-input":{"@type":"PropertyValueSpecification","valueRequired":true,"valueName":"search_term_string"}}],"inLanguage":"pt-BR"},{"@type":"Organization","@id":"https:\/\/patriciabruske.com.br\/blogpatriciabruske\/#organization","name":"Blog Patr\u00edcia Br\u00fcske","url":"https:\/\/patriciabruske.com.br\/blogpatriciabruske\/","logo":{"@type":"ImageObject","inLanguage":"pt-BR","@id":"https:\/\/patriciabruske.com.br\/blogpatriciabruske\/#\/schema\/logo\/image\/","url":"https:\/\/patriciabruske.com.br\/blogpatriciabruske\/wp-content\/uploads\/sites\/3\/2023\/12\/cropped-oficial-01.png","contentUrl":"https:\/\/patriciabruske.com.br\/blogpatriciabruske\/wp-content\/uploads\/sites\/3\/2023\/12\/cropped-oficial-01.png","width":1903,"height":749,"caption":"Blog Patr\u00edcia Br\u00fcske"},"image":{"@id":"https:\/\/patriciabruske.com.br\/blogpatriciabruske\/#\/schema\/logo\/image\/"}}]}},"_links":{"self":[{"href":"https:\/\/patriciabruske.com.br\/blogpatriciabruske\/wp-json\/wp\/v2\/pages\/5"}],"collection":[{"href":"https:\/\/patriciabruske.com.br\/blogpatriciabruske\/wp-json\/wp\/v2\/pages"}],"about":[{"href":"https:\/\/patriciabruske.com.br\/blogpatriciabruske\/wp-json\/wp\/v2\/types\/page"}],"author":[{"embeddable":true,"href":"https:\/\/patriciabruske.com.br\/blogpatriciabruske\/wp-json\/wp\/v2\/users\/1"}],"replies":[{"embeddable":true,"href":"https:\/\/patriciabruske.com.br\/blogpatriciabruske\/wp-json\/wp\/v2\/comments?post=5"}],"version-history":[{"count":6,"href":"https:\/\/patriciabruske.com.br\/blogpatriciabruske\/wp-json\/wp\/v2\/pages\/5\/revisions"}],"predecessor-version":[{"id":39,"href":"https:\/\/patriciabruske.com.br\/blogpatriciabruske\/wp-json\/wp\/v2\/pages\/5\/revisions\/39"}],"wp:attachment":[{"href":"https:\/\/patriciabruske.com.br\/blogpatriciabruske\/wp-json\/wp\/v2\/media?parent=5"}],"curies":[{"name":"wp","href":"https:\/\/api.w.org\/{rel}","templated":true}]}}